{"id":507,"date":"2017-10-24T20:22:27","date_gmt":"2017-10-24T18:22:27","guid":{"rendered":"http:\/\/serwer1368371.home.pl\/autoinstalator\/wordpress\/?page_id=507"},"modified":"2017-10-29T22:15:01","modified_gmt":"2017-10-29T20:15:01","slug":"bioclot","status":"publish","type":"page","link":"https:\/\/www.biolim.pl\/?page_id=507","title":{"rendered":"BioClot"},"content":{"rendered":"<div id=\"content-side\" class=\"side\">\n<div id=\"content-side2\" class=\"side2\">\n<div class=\"container-content\">\n<div id=\"content-content\">\n<div id=\"content-content-inner\" class=\"container-content-inner\">\n<div id=\"widget-54672e2c-2567-8e56-ffc1-cc0dbd4de254\" class=\"widget widget-text\">\n<div class=\"widget-content\">\n<p style=\"text-align: justify;\"><img decoding=\"async\" loading=\"lazy\" class=\"size-full wp-image-667 aligncenter\" src=\"https:\/\/www.biolim.pl\/wp-content\/uploads\/2017\/10\/BioClot.png\" alt=\"\" width=\"150\" height=\"33\" \/><\/p>\n<p style=\"text-align: justify;\">BioClot jest wiod\u0105cym na \u015bwiecie producentem specjalizuj\u0105cym si\u0119 w wysokiej jako\u015bci surowicach krwi zwierz\u0119cej i produktach pokrewnych. Odczynniki firmy znajduj\u0105 zastosowanie m.in. w przemy\u015ble farmaceutycznym oraz w produkcji szczepionek.<\/p>\n<p style=\"text-align: justify;\"><strong>Oferta producenta obejmuje:<\/strong><\/p>\n<p style=\"text-align: justify;\">Adjuvants<\/p>\n<p style=\"padding-left: 30px;\">Mycolic acid<\/p>\n<p style=\"padding-left: 30px;\">Saponin quillaja<\/p>\n<p style=\"padding-left: 30px;\">Trehalose<\/p>\n<p style=\"padding-left: 30px;\">Others<\/p>\n<p style=\"text-align: justify;\">Albumins<\/p>\n<p style=\"padding-left: 30px;\">Bovine Serum Albumin Powder<\/p>\n<p style=\"padding-left: 30px;\">Several Albumins<\/p>\n<p style=\"padding-left: 30px;\">Bovine Serum Albumin liquid<\/p>\n<p style=\"padding-left: 30px;\">Recombinant Albumins<\/p>\n<p style=\"padding-left: 30px;\">Human Serum Albumin<\/p>\n<p style=\"text-align: justify;\">Amino Acids<\/p>\n<p style=\"padding-left: 30px;\">Glutamine stable 100 X 200mM unit 100ml<\/p>\n<p style=\"padding-left: 30px;\">L-Alanyl-L-Glutamine stable Glutamine unit 100g<\/p>\n<p style=\"padding-left: 30px;\">L-Alanyl-L-Glutamine stable Glutamine unit 10g<\/p>\n<p style=\"padding-left: 30px;\">L-Alanyl-L-Glutamine stable Glutamine unit 1g<\/p>\n<p style=\"padding-left: 30px;\">L-Glutamic Acid unit 100g<\/p>\n<p style=\"padding-left: 30px;\">L-Glutamic Acid unit 1kg<\/p>\n<p style=\"padding-left: 30px;\">L-Glutamic Acid unit 500g<\/p>\n<p style=\"padding-left: 30px;\">L-Glutamine 100 X 200mM unit 100ml<\/p>\n<p style=\"padding-left: 30px;\">L-Glutamine unit 100g<\/p>\n<p style=\"padding-left: 30px;\">L-Glutamine unit 1kg<\/p>\n<p style=\"padding-left: 30px;\">L-Glutamine unit 500g<\/p>\n<p style=\"text-align: justify;\">Animal Diagnostics<\/p>\n<p style=\"padding-left: 30px;\">SERAZYM\u00ae Bovine Serum Albumin ELISA<\/p>\n<p style=\"padding-left: 30px;\">SERAZYM\u00ae Ovalbumin ELISA<\/p>\n<p style=\"padding-left: 30px;\">SERAZYM\u00ae Ovalbumin ELISA<\/p>\n<p style=\"text-align: justify;\">Animal Serum &amp; Plasma<\/p>\n<p style=\"padding-left: 30px;\">Animal plasma<\/p>\n<p style=\"padding-left: 30px;\">Fetal Bovine Serum<\/p>\n<p style=\"padding-left: 30px;\">Special Fetal Bovine Serum<\/p>\n<p style=\"padding-left: 30px;\">Other Animal Serum<\/p>\n<p style=\"text-align: justify;\">Antibiotics<\/p>\n<p style=\"text-align: justify;\">Antibodies<\/p>\n<p style=\"text-align: justify;\">Blood Cell Separation<\/p>\n<p style=\"padding-left: 30px;\">Diatrizoic Acid<\/p>\n<p style=\"padding-left: 30px;\">Dulbecco\u2019s PBS<\/p>\n<p style=\"padding-left: 30px;\">Lymphocyte Separation Media<\/p>\n<p style=\"padding-left: 30px;\">Polysucrose 400<\/p>\n<p style=\"text-align: justify;\">Cell Culture Media<\/p>\n<p style=\"padding-left: 30px;\">Powder Media<\/p>\n<p style=\"padding-left: 30px;\">Liquid Media<\/p>\n<p style=\"text-align: justify;\">Chemicals &#8211; Biochemicals<\/p>\n<p style=\"padding-left: 30px;\">2,2\u2019-Azino-Bis(3-Ethylbenzthiazoline-6-Sulfonic Acid) Solution unit 1 l<\/p>\n<p style=\"text-align: justify;\">Enzymes<\/p>\n<p style=\"padding-left: 30px;\">Acylase<\/p>\n<p style=\"padding-left: 30px;\">Butyryl Cholinesterase<\/p>\n<p style=\"padding-left: 30px;\">Catalase<\/p>\n<p style=\"padding-left: 30px;\">Chymotrypsinogen<\/p>\n<p style=\"padding-left: 30px;\">Alkaline Phosphatase<\/p>\n<p style=\"padding-left: 30px;\">Carbonic Anhydrase<\/p>\n<p style=\"padding-left: 30px;\">Cholesterol Oxidase<\/p>\n<p style=\"padding-left: 30px;\">Cholesterol Esterase<\/p>\n<p style=\"padding-left: 30px;\">Chymotrypsin<\/p>\n<p style=\"padding-left: 30px;\">Creatinase<\/p>\n<p style=\"padding-left: 30px;\">Creatininase<\/p>\n<p style=\"padding-left: 30px;\">Cytochrom C<\/p>\n<p style=\"padding-left: 30px;\">D-amino acid Oxidase<\/p>\n<p style=\"padding-left: 30px;\">Elastase<\/p>\n<p style=\"padding-left: 30px;\">Deoxyribonuclease<\/p>\n<p style=\"padding-left: 30px;\">Fructosyl-amino acid Oxidase<\/p>\n<p style=\"padding-left: 30px;\">Glucose Oxidase<\/p>\n<p style=\"padding-left: 30px;\">Glucose-6 phosphate Dehydrogenase<\/p>\n<p style=\"padding-left: 30px;\">b-Glucosidase<\/p>\n<p style=\"padding-left: 30px;\">Glutamate Dehydrogenase<\/p>\n<p style=\"padding-left: 30px;\">b-Glucoronidase<\/p>\n<p style=\"padding-left: 30px;\">Hyaluronidase<\/p>\n<p style=\"padding-left: 30px;\">lactate Dehydrogenase<\/p>\n<p style=\"padding-left: 30px;\">Lipoxidase<\/p>\n<p style=\"padding-left: 30px;\">Lysozyme<\/p>\n<p style=\"padding-left: 30px;\">Malate Dehydrogenase<\/p>\n<p style=\"padding-left: 30px;\">Mutarotase<\/p>\n<p style=\"padding-left: 30px;\">Mucopolysaccharidase<\/p>\n<p style=\"padding-left: 30px;\">Pepsin<\/p>\n<p style=\"padding-left: 30px;\">Peroxidase<\/p>\n<p style=\"padding-left: 30px;\">Phosphoenolopyruvate Carboxylase<\/p>\n<p style=\"padding-left: 30px;\">Pyruvate Kinase<\/p>\n<p style=\"padding-left: 30px;\">Ribonuclease<\/p>\n<p style=\"padding-left: 30px;\">Sarcosine Oxidase<\/p>\n<p style=\"padding-left: 30px;\">Sucrose Phosphorylase<\/p>\n<p style=\"padding-left: 30px;\">Superoxide Dismutase<\/p>\n<p style=\"padding-left: 30px;\">Trypsin<\/p>\n<p style=\"padding-left: 30px;\">Trypsin Inhibitor<\/p>\n<p style=\"padding-left: 30px;\">Trypsin Chymotrypsin Mixture<\/p>\n<p style=\"padding-left: 30px;\">Urease<\/p>\n<p style=\"padding-left: 30px;\">Uricase<\/p>\n<p style=\"padding-left: 30px;\">Xanthine Oxidase<\/p>\n<p style=\"text-align: justify;\">Human Blood Products<\/p>\n<p style=\"padding-left: 30px;\">Human Serum<\/p>\n<p style=\"padding-left: 30px;\">Human Serum Albumin<\/p>\n<p style=\"padding-left: 30px;\">Human Cholesterol Concentrate<\/p>\n<p style=\"text-align: justify;\">Proteins<\/p>\n<p style=\"padding-left: 30px;\">Animal<\/p>\n<p style=\"padding-left: 30px;\">Human<\/p>\n<p style=\"padding-left: 30px;\">Protein Detection<\/p>\n<p style=\"padding-left: 30px;\">Protein Purification<\/p>\n<p style=\"text-align: justify;\">Reagents<\/p>\n<p style=\"padding-left: 30px;\">D-Glucose Monohydrate (Dextrose) unit 1kg<\/p>\n<p style=\"padding-left: 30px;\">D-Glucose Monohydrate (Dextrose) unit 500g<\/p>\n<p style=\"padding-left: 30px;\">Sodium Bicarbonate unit 1kg<\/p>\n<p style=\"padding-left: 30px;\">Sodium Bicarbonate unit 500g<\/p>\n<p style=\"padding-left: 30px;\">Sodium Chloride (for dilution 8,5 g\/l) &#8211; For 5 l<\/p>\n<p style=\"padding-left: 30px;\">Sodium Chloride (for dilution 9 g\/l) &#8211; For 5 l<\/p>\n<p style=\"padding-left: 30px;\">Sodium Chloride unit 1kg<\/p>\n<p style=\"padding-left: 30px;\">Trypan Blue 0,5 % Solution ( non sterile ) unit 100ml<\/p>\n<p style=\"padding-left: 30px;\">Trypan Blue unit 1g<\/p>\n<p style=\"padding-left: 30px;\">Versene unit 100ml<\/p>\n<p style=\"text-align: justify;\">Saponins<\/p>\n<p style=\"padding-left: 30px;\">Saponin Quillaja DAB 9 unit 1 kg<\/p>\n<p style=\"padding-left: 30px;\">Saponin Quillaja unit 1 kg<\/p>\n<p style=\"text-align: justify;\">Serum-Free Supplements<\/p>\n<p style=\"padding-left: 30px;\">Bovine Fibrinogen<\/p>\n<p style=\"padding-left: 30px;\">Mitogens<\/p>\n<p style=\"padding-left: 30px;\">Cholesterol Concentrate<\/p>\n<p style=\"text-align: justify;\">Supplies<\/p>\n<p style=\"padding-left: 30px;\">Aluminium Tins<\/p>\n<p style=\"padding-left: 30px;\">Sample Storage Systems<\/p>\n<p style=\"padding-left: 30px;\">Separation Tubes<\/p>\n<p>&nbsp;<\/p>\n<div style=\"text-align: justify;\"><a class=\" link\" href=\"http:\/\/bioclot.com\" target=\"_blank\" rel=\"noopener\">www.bioclot.com<\/a><\/div>\n<\/div>\n<\/div>\n<\/div>\n<\/div>\n<\/div>\n<\/div>\n<\/div>\n","protected":false},"excerpt":{"rendered":"<p>BioClot jest wiod\u0105cym na \u015bwiecie producentem specjalizuj\u0105cym si\u0119 w wysokiej jako\u015bci surowicach krwi zwierz\u0119cej i produktach pokrewnych. Odczynniki firmy znajduj\u0105 zastosowanie m.in. w przemy\u015ble farmaceutycznym oraz w produkcji szczepionek. Oferta producenta obejmuje: Adjuvants Mycolic acid Saponin quillaja Trehalose Others Albumins Bovine Serum Albumin Powder Several Albumins Bovine Serum Albumin liquid Recombinant Albumins Human Serum Albumin &hellip; <\/p>\n<p class=\"link-more\"><a href=\"https:\/\/www.biolim.pl\/?page_id=507\" class=\"more-link\">Czytaj dalej<span class=\"screen-reader-text\"> \u201eBioClot\u201d<\/span><\/a><\/p>\n","protected":false},"author":1,"featured_media":0,"parent":0,"menu_order":0,"comment_status":"closed","ping_status":"closed","template":"","meta":{"footnotes":""},"_links":{"self":[{"href":"https:\/\/www.biolim.pl\/index.php?rest_route=\/wp\/v2\/pages\/507"}],"collection":[{"href":"https:\/\/www.biolim.pl\/index.php?rest_route=\/wp\/v2\/pages"}],"about":[{"href":"https:\/\/www.biolim.pl\/index.php?rest_route=\/wp\/v2\/types\/page"}],"author":[{"embeddable":true,"href":"https:\/\/www.biolim.pl\/index.php?rest_route=\/wp\/v2\/users\/1"}],"replies":[{"embeddable":true,"href":"https:\/\/www.biolim.pl\/index.php?rest_route=%2Fwp%2Fv2%2Fcomments&post=507"}],"version-history":[{"count":5,"href":"https:\/\/www.biolim.pl\/index.php?rest_route=\/wp\/v2\/pages\/507\/revisions"}],"predecessor-version":[{"id":1220,"href":"https:\/\/www.biolim.pl\/index.php?rest_route=\/wp\/v2\/pages\/507\/revisions\/1220"}],"wp:attachment":[{"href":"https:\/\/www.biolim.pl\/index.php?rest_route=%2Fwp%2Fv2%2Fmedia&parent=507"}],"curies":[{"name":"wp","href":"https:\/\/api.w.org\/{rel}","templated":true}]}}