{"id":545,"date":"2017-10-24T20:41:42","date_gmt":"2017-10-24T18:41:42","guid":{"rendered":"http:\/\/serwer1368371.home.pl\/autoinstalator\/wordpress\/?page_id=545"},"modified":"2019-05-17T09:51:00","modified_gmt":"2019-05-17T08:51:00","slug":"exbio","status":"publish","type":"page","link":"https:\/\/www.biolim.pl\/?page_id=545","title":{"rendered":"EXBIO"},"content":{"rendered":"<p style=\"text-align: justify;\"><img decoding=\"async\" loading=\"lazy\" class=\"wp-image-1638 size-full aligncenter\" src=\"https:\/\/www.biolim.pl\/wp-content\/uploads\/2019\/05\/Exbio-New-logo-e1558082991373.png\" alt=\"\" width=\"149\" height=\"51\" \/><\/p>\n<p style=\"text-align: justify;\">Kluczow\u0105 dzia\u0142alno\u015bci\u0105 firmy EXBIO jest produkcja oraz dystrybucja przeciwcia\u0142 na ca\u0142ym \u015bwiecie na zasadzie sprzeda\u017cy OEM oraz w ramach zam\u00f3wie\u0144 zbiorczych. Ponadto w ofercie firmy znajduj\u0105 si\u0119 bia\u0142ka, produkty diagnostyczne oraz zestawy testowe.<\/p>\n<p style=\"text-align: justify;\"><strong>Oferta producenta obejmuje:<\/strong><\/p>\n<p style=\"text-align: justify;\">Human Immunology<\/p>\n<p style=\"padding-left: 30px;\">CD and Related Antigens (Human)<\/p>\n<p style=\"padding-left: 30px;\">MHC (Major Histocompatibility Complex) and Related Antigens (Human)<\/p>\n<p style=\"padding-left: 30px;\">Blood Group Antigens (Human)<\/p>\n<p style=\"padding-left: 30px;\">Adaptor Proteins (Human)<\/p>\n<p style=\"padding-left: 30px;\">Phosphorylation (Kinases, Phosphatases, Phosphotyrosine) (Human)<\/p>\n<p style=\"padding-left: 30px;\">Cytoskeleton: Tubulin System (Human)<\/p>\n<p style=\"padding-left: 30px;\">Cytoskeleton: Intermediate Filaments (Human)<\/p>\n<p style=\"padding-left: 30px;\">Cytoskeleton: Actin System (Human)<\/p>\n<p style=\"padding-left: 30px;\">Transcription Regulation &amp; Nuclear Proteins (Human)<\/p>\n<p style=\"padding-left: 30px;\">Serum &amp; Plasma Proteins (Human)<\/p>\n<p style=\"padding-left: 30px;\">Hormones (Human)<\/p>\n<p style=\"padding-left: 30px;\">Immunoglobulins (Human)<\/p>\n<p style=\"padding-left: 30px;\">Apoptosis (Human)<\/p>\n<p style=\"padding-left: 30px;\">Signaling of Small GTPases (Human)<\/p>\n<p style=\"padding-left: 30px;\">Calcium Signaling (Human)<\/p>\n<p style=\"padding-left: 30px;\">Cyclin Signaling (Human)<\/p>\n<p style=\"padding-left: 30px;\">Cytokine Signaling (Human)<\/p>\n<p style=\"padding-left: 30px;\">Fertility &amp; Reproduction (Human)<\/p>\n<p style=\"padding-left: 30px;\">Endocytosis (Human)<\/p>\n<p style=\"padding-left: 30px;\">Neurobiology (Human)<\/p>\n<p style=\"padding-left: 30px;\">Virology and Microbiology<\/p>\n<p style=\"padding-left: 30px;\">Miscellaneous (Human)<\/p>\n<p style=\"text-align: justify;\">Rodent Immunology<\/p>\n<p style=\"padding-left: 30px;\">CD and Related Antigens &amp; MHC (Rodent)<\/p>\n<p style=\"padding-left: 30px;\">Adaptor Proteins (Rodent)<\/p>\n<p style=\"padding-left: 30px;\">Phosphorylation (Kinases, Phosphatases, Phosphotyrosine) (Rodent)<\/p>\n<p style=\"padding-left: 30px;\">Cytoskeleton: Tubulin System (Rodent)<\/p>\n<p style=\"padding-left: 30px;\">Cytoskeleton: Actin System (Rodent)<\/p>\n<p style=\"padding-left: 30px;\">Cytoskeleton: Intermediate Filaments (Rodent)<\/p>\n<p style=\"padding-left: 30px;\">Transcription Regulation &amp; Nuclear Proteins (Rodent)<\/p>\n<p style=\"padding-left: 30px;\">Apoptosis (Rodent)<\/p>\n<p style=\"padding-left: 30px;\">Calcium Signaling (Rodent)<\/p>\n<p style=\"padding-left: 30px;\">Fertility &amp; Reproduction (Rodent)<\/p>\n<p style=\"padding-left: 30px;\">Endocytosis (Rodent)<\/p>\n<p style=\"padding-left: 30px;\">Cytokine Signaling (Rodent)<\/p>\n<p style=\"padding-left: 30px;\">Neurobiology (Rodent)<\/p>\n<p style=\"text-align: justify;\">Veterinary Reagents<\/p>\n<p style=\"padding-left: 30px;\">CD Antigens &amp; MHC (Veterinary)<\/p>\n<p style=\"padding-left: 30px;\">Adaptor Proteins (Veterinary)<\/p>\n<p style=\"padding-left: 30px;\">Phosphorylation (Kinases, Phosphatases, Phosphotyrosine) (Veterinary)<\/p>\n<p style=\"padding-left: 30px;\">Cytoskeleton: Tubulin System (Veterinary)<\/p>\n<p style=\"padding-left: 30px;\">Cytoskeleton: Actin System (Veterinary)<\/p>\n<p style=\"padding-left: 30px;\">Cytoskeleton: Intermediate Filaments (Veterinary)<\/p>\n<p style=\"padding-left: 30px;\">Transcription Regulation &amp; Nuclear Proteins (Veterinary)<\/p>\n<p style=\"padding-left: 30px;\">Serum &amp; Plasma Proteins (Veterinary)<\/p>\n<p style=\"padding-left: 30px;\">Hormones (Veterinary)<\/p>\n<p style=\"padding-left: 30px;\">Immunoglobulins (Veterinary)<\/p>\n<p style=\"padding-left: 30px;\">Apoptosis (Veterinary)<\/p>\n<p style=\"padding-left: 30px;\">Cyclin Signaling (Veterinary)<\/p>\n<p style=\"padding-left: 30px;\">Fertility &amp; Reproduction (Veterinary)<\/p>\n<p style=\"padding-left: 30px;\">Endocytosis (Veterinary)<\/p>\n<p style=\"padding-left: 30px;\">Neurobiology (Veterinary)<\/p>\n<p style=\"text-align: justify;\">Cell Biology<\/p>\n<p style=\"padding-left: 30px;\">Adaptor Proteins<\/p>\n<p style=\"padding-left: 30px;\">Phosphorylation (Kinases, Phosphatases, Phosphotyrosine)<\/p>\n<p style=\"padding-left: 30px;\">Cytoskeleton: Microtubular System<\/p>\n<p style=\"padding-left: 30px;\">Cytoskeleton: Actin System<\/p>\n<p style=\"padding-left: 30px;\">Cytoskeleton: Intermediate Filaments<\/p>\n<p style=\"padding-left: 30px;\">Transcription Regulation &amp; Nuclear Proteins<\/p>\n<p style=\"padding-left: 30px;\">Apoptosis<\/p>\n<p style=\"padding-left: 30px;\">Signaling of Small GTPases<\/p>\n<p style=\"padding-left: 30px;\">Calcium Signaling<\/p>\n<p style=\"padding-left: 30px;\">Cyclin Signaling<\/p>\n<p style=\"padding-left: 30px;\">Fertility &amp; Reproduction<\/p>\n<p style=\"padding-left: 30px;\">Small Organic Molecules<\/p>\n<p style=\"padding-left: 30px;\">Epitope Tags<\/p>\n<p style=\"text-align: justify;\">Isotype Control Reagents<\/p>\n<p style=\"padding-left: 30px;\">Mouse Immunoglobulin Isotype Controls<\/p>\n<p style=\"text-align: justify;\">Proteins<\/p>\n<p style=\"text-align: justify;\">Assay Kits<\/p>\n<p style=\"text-align: justify;\">Diagnostic products<\/p>\n<p style=\"text-align: justify;\"><a class=\" link\" href=\"http:\/\/www.exbio.cz\" target=\"_blank\" rel=\"noopener noreferrer\">www.exbio.cz<\/a><\/p>\n","protected":false},"excerpt":{"rendered":"<p>Kluczow\u0105 dzia\u0142alno\u015bci\u0105 firmy EXBIO jest produkcja oraz dystrybucja przeciwcia\u0142 na ca\u0142ym \u015bwiecie na zasadzie sprzeda\u017cy OEM oraz w ramach zam\u00f3wie\u0144 zbiorczych. Ponadto w ofercie firmy znajduj\u0105 si\u0119 bia\u0142ka, produkty diagnostyczne oraz zestawy testowe. Oferta producenta obejmuje: Human Immunology CD and Related Antigens (Human) MHC (Major Histocompatibility Complex) and Related Antigens (Human) Blood Group Antigens (Human) &hellip; <\/p>\n<p class=\"link-more\"><a href=\"https:\/\/www.biolim.pl\/?page_id=545\" class=\"more-link\">Czytaj dalej<span class=\"screen-reader-text\"> \u201eEXBIO\u201d<\/span><\/a><\/p>\n","protected":false},"author":1,"featured_media":0,"parent":0,"menu_order":0,"comment_status":"closed","ping_status":"closed","template":"","meta":{"footnotes":""},"_links":{"self":[{"href":"https:\/\/www.biolim.pl\/index.php?rest_route=\/wp\/v2\/pages\/545"}],"collection":[{"href":"https:\/\/www.biolim.pl\/index.php?rest_route=\/wp\/v2\/pages"}],"about":[{"href":"https:\/\/www.biolim.pl\/index.php?rest_route=\/wp\/v2\/types\/page"}],"author":[{"embeddable":true,"href":"https:\/\/www.biolim.pl\/index.php?rest_route=\/wp\/v2\/users\/1"}],"replies":[{"embeddable":true,"href":"https:\/\/www.biolim.pl\/index.php?rest_route=%2Fwp%2Fv2%2Fcomments&post=545"}],"version-history":[{"count":7,"href":"https:\/\/www.biolim.pl\/index.php?rest_route=\/wp\/v2\/pages\/545\/revisions"}],"predecessor-version":[{"id":1640,"href":"https:\/\/www.biolim.pl\/index.php?rest_route=\/wp\/v2\/pages\/545\/revisions\/1640"}],"wp:attachment":[{"href":"https:\/\/www.biolim.pl\/index.php?rest_route=%2Fwp%2Fv2%2Fmedia&parent=545"}],"curies":[{"name":"wp","href":"https:\/\/api.w.org\/{rel}","templated":true}]}}